{"id":25,"date":"2017-06-29T16:24:39","date_gmt":"2017-06-29T16:24:39","guid":{"rendered":"http:\/\/127.0.0.1\/wordpress\/?page_id=25"},"modified":"2025-10-17T09:51:40","modified_gmt":"2025-10-17T08:51:40","slug":"societa","status":"publish","type":"page","link":"https:\/\/sclocarno.ch\/wordpress\/societa\/","title":{"rendered":"Societ\u00e0"},"content":{"rendered":"<span itemprop=\"description\"><p><a href=\"http:\/\/www.sclocarno.ch\/wordpress\/wp-content\/uploads\/2017\/08\/SCL.jpg\"><img loading=\"lazy\" decoding=\"async\" class=\"aligncenter wp-image-555 size-full\" src=\"http:\/\/www.sclocarno.ch\/wordpress\/wp-content\/uploads\/2017\/08\/SCL.jpg\" alt=\"\" width=\"3990\" height=\"1510\" srcset=\"https:\/\/sclocarno.ch\/wordpress\/wp-content\/uploads\/2017\/08\/SCL.jpg 3990w, https:\/\/sclocarno.ch\/wordpress\/wp-content\/uploads\/2017\/08\/SCL-300x114.jpg 300w, https:\/\/sclocarno.ch\/wordpress\/wp-content\/uploads\/2017\/08\/SCL-768x291.jpg 768w, https:\/\/sclocarno.ch\/wordpress\/wp-content\/uploads\/2017\/08\/SCL-1024x388.jpg 1024w, https:\/\/sclocarno.ch\/wordpress\/wp-content\/uploads\/2017\/08\/SCL-1200x454.jpg 1200w\" sizes=\"auto, (max-width: 3990px) 100vw, 3990px\" \/><\/a><\/p>\n<p style=\"font-weight: 400;\">&#8220;Lo scopo della Societ\u00e0 Canottieri Locarno \u00e8 la promozione e lo sviluppo del canottaggio agonistico e amatoriale, favorendo l&#8217;aggregazione sociale&#8221;; cos\u00ec si pu\u00f2 leggere nei primissimi articoli degli statuti del sodalizio, nato nel 1929, e che nel suo stemma \u00e8 rappresentato da un pardo rampante che emerge dalle onde. I colori sociali sono il bianco e il blu.<\/p>\n<p style=\"font-weight: 400;\">La SCL \u00e8 una bella realt\u00e0 sportiva e sociale della regione di Locarno che annovera tra le sue fila sia atleti competitivi sia amatori, all&#8217;insegna dell&#8217;agonismo ma anche del piacere di stare assieme.<\/p>\n<p><strong>Dove ci trovate?<\/strong><br \/>\nvia Respini 5 &#8211; 6600 Locarno &#8211; ccp: 65-1447-0<br \/>\n<a href=\"http:\/\/www.sclocarno.ch\" target=\"_blank\" rel=\"noopener\">www.sclocarno.ch<\/a> o <a href=\"http:\/\/www.facebook.com\/societacanottierilocarno\" target=\"_blank\" rel=\"noopener\">www.facebook.com\/societacanottierilocarno<\/a><br \/>\n<a href=\"mailto:info@sclocarno.ch\">info@sclocarno.ch<\/a><\/p>\n<h6><\/h6>\n<span>","protected":false},"excerpt":{"rendered":"<p class=\"excerpt\"><span itemprop=\"description\">&#8220;Lo scopo della Societ\u00e0 Canottieri Locarno \u00e8 la promozione e lo sviluppo del canottaggio agonistico e amatoriale, favorendo l&#8217;aggregazione sociale&#8221;; cos\u00ec si pu\u00f2 leggere nei primissimi articoli degli statuti del sodalizio, nato nel 1929, e che nel suo stemma \u00e8 rappresentato da un pardo rampante&hellip;<\/span><\/p>\n<p class=\"more-link-p btn-align-right\"><a class=\"blue zoom-btn\" href=\"https:\/\/sclocarno.ch\/wordpress\/societa\/\">Read More<\/a><\/p>\n","protected":false},"author":1,"featured_media":0,"parent":0,"menu_order":0,"comment_status":"closed","ping_status":"closed","template":"","meta":{"footnotes":""},"class_list":["post-25","page","type-page","status-publish","hentry","zoom-theme-has-thumb"],"_links":{"self":[{"href":"https:\/\/sclocarno.ch\/wordpress\/wp-json\/wp\/v2\/pages\/25","targetHints":{"allow":["GET"]}}],"collection":[{"href":"https:\/\/sclocarno.ch\/wordpress\/wp-json\/wp\/v2\/pages"}],"about":[{"href":"https:\/\/sclocarno.ch\/wordpress\/wp-json\/wp\/v2\/types\/page"}],"author":[{"embeddable":true,"href":"https:\/\/sclocarno.ch\/wordpress\/wp-json\/wp\/v2\/users\/1"}],"replies":[{"embeddable":true,"href":"https:\/\/sclocarno.ch\/wordpress\/wp-json\/wp\/v2\/comments?post=25"}],"version-history":[{"count":14,"href":"https:\/\/sclocarno.ch\/wordpress\/wp-json\/wp\/v2\/pages\/25\/revisions"}],"predecessor-version":[{"id":4212,"href":"https:\/\/sclocarno.ch\/wordpress\/wp-json\/wp\/v2\/pages\/25\/revisions\/4212"}],"wp:attachment":[{"href":"https:\/\/sclocarno.ch\/wordpress\/wp-json\/wp\/v2\/media?parent=25"}],"curies":[{"name":"wp","href":"https:\/\/api.w.org\/{rel}","templated":true}]}}