{"id":27,"date":"2017-06-29T16:24:49","date_gmt":"2017-06-29T16:24:49","guid":{"rendered":"http:\/\/127.0.0.1\/wordpress\/?page_id=27"},"modified":"2025-09-29T16:13:11","modified_gmt":"2025-09-29T15:13:11","slug":"competizione","status":"publish","type":"page","link":"https:\/\/sclocarno.ch\/wordpress\/competizione\/","title":{"rendered":"Competizione"},"content":{"rendered":"<span itemprop=\"description\"><p style=\"font-weight: 400;\">Il canottaggio \u00e8 uno sport che permette di mantenersi in forma praticando un&#8217;attivit\u00e0 all&#8217;aria aperta, in sicurezza e a stretto contatto con la natura.<br \/>\nLa distanza ufficiale delle gare in linea \u00e8 di 2&#8217;000 metri (con tempi di percorrenza tra i 5&#8242; 30&#8221; e gli 8&#8242; 00&#8221; in funzione delle barche). Per le categorie giovanili U17\u00a0 le gare sono sui 1&#8217;500 metri mentre gli U15 si cimentano sui 1&#8217;000 metri.<br \/>\nLa stagione agonistica, per quanto concerne le gare in linea, va da aprile a luglio, mentre nel periodo invernale (novembre-marzo) si disputano le gare di &#8220;Gran fondo&#8221;, la cui distanza varia tra i 6 e 7 Km.<\/p>\n<p>Nel canottaggio le categorie vanno in base all&#8217;et\u00e0:<\/p>\n<ul style=\"font-weight: 400;\">\n<li>U14 &#8211; Ragazze e ragazzi sotto i 14 anni<\/li>\n<li>U15 &#8211; Ragazze e ragazzi sotto i 15 anni<\/li>\n<li>U17 &#8211; Ragazze e ragazzi sotto i 17 anni<\/li>\n<li>U19 &#8211; Ragazze e ragazzi sotto i 19 anni<\/li>\n<li>Senior &#8211; Donne e uomini oltre i 19 anni<\/li>\n<li>Master &#8211; Donne e uomini oltre i 27 anni<\/li>\n<\/ul>\n<p style=\"font-weight: 400;\">A livello competitivo\u00a0 gli allenamenti settimanali, per ogni singola categoria, sono cos\u00ec ripartiti:<\/p>\n<ul style=\"font-weight: 400;\">\n<li>U14 &#8211; 2 o 3 allenamenti alla settimana<\/li>\n<li>U15 &#8211; 3 o 4 allenamenti alla settimana<\/li>\n<li>U17 &#8211; 5 o 6 allenamenti la settimana<\/li>\n<li>U19 e senior &#8211; 7 o pi\u00f9 allenamenti la settimana<\/li>\n<li>Master &#8211; 3 o 4 allenamenti la settimana<\/li>\n<\/ul>\n<h6><\/h6>\n<p>&nbsp;<\/p>\n<span>","protected":false},"excerpt":{"rendered":"<p class=\"excerpt\"><span itemprop=\"description\">Il canottaggio \u00e8 uno sport che permette di mantenersi in forma praticando un&#8217;attivit\u00e0 all&#8217;aria aperta, in sicurezza e a stretto contatto con la natura. La distanza ufficiale delle gare in linea \u00e8 di 2&#8217;000 metri (con tempi di percorrenza tra i 5&#8242; 30&#8221; e gli&hellip;<\/span><\/p>\n<p class=\"more-link-p btn-align-right\"><a class=\"blue zoom-btn\" href=\"https:\/\/sclocarno.ch\/wordpress\/competizione\/\">Read More<\/a><\/p>\n","protected":false},"author":1,"featured_media":0,"parent":0,"menu_order":0,"comment_status":"closed","ping_status":"closed","template":"","meta":{"footnotes":""},"class_list":["post-27","page","type-page","status-publish","hentry","zoom-theme-has-thumb"],"_links":{"self":[{"href":"https:\/\/sclocarno.ch\/wordpress\/wp-json\/wp\/v2\/pages\/27","targetHints":{"allow":["GET"]}}],"collection":[{"href":"https:\/\/sclocarno.ch\/wordpress\/wp-json\/wp\/v2\/pages"}],"about":[{"href":"https:\/\/sclocarno.ch\/wordpress\/wp-json\/wp\/v2\/types\/page"}],"author":[{"embeddable":true,"href":"https:\/\/sclocarno.ch\/wordpress\/wp-json\/wp\/v2\/users\/1"}],"replies":[{"embeddable":true,"href":"https:\/\/sclocarno.ch\/wordpress\/wp-json\/wp\/v2\/comments?post=27"}],"version-history":[{"count":15,"href":"https:\/\/sclocarno.ch\/wordpress\/wp-json\/wp\/v2\/pages\/27\/revisions"}],"predecessor-version":[{"id":4109,"href":"https:\/\/sclocarno.ch\/wordpress\/wp-json\/wp\/v2\/pages\/27\/revisions\/4109"}],"wp:attachment":[{"href":"https:\/\/sclocarno.ch\/wordpress\/wp-json\/wp\/v2\/media?parent=27"}],"curies":[{"name":"wp","href":"https:\/\/api.w.org\/{rel}","templated":true}]}}