{"id":31,"date":"2017-06-29T16:27:12","date_gmt":"2017-06-29T16:27:12","guid":{"rendered":"http:\/\/127.0.0.1\/wordpress\/?page_id=31"},"modified":"2025-10-23T10:17:22","modified_gmt":"2025-10-23T09:17:22","slug":"av","status":"publish","type":"page","link":"https:\/\/sclocarno.ch\/wordpress\/av\/","title":{"rendered":"Amatori"},"content":{"rendered":"<span itemprop=\"description\"><div>\n<p>Il canottaggio \u00e8 uno sport per la vita! Supporrete che vi stiamo dicendo ci\u00f2 perch\u00e9, da super-appassionati, siamo un tantino di parte. Non vi resta allora che chiedere ai professionisti i quali si occupano della vostra salute; vi confermeranno che si tratta di una disciplina tra le pi\u00f9 complete in assoluto, sia dal punto di vista del lavoro sui gruppi muscolari sia dell&#8217;impatto sulle articolazioni. Alla SCL abbiamo rematori di qualsiasi et\u00e0; giovani, adulti e anziani (che ne hanno reso grande il nome nei decenni passati).<\/p>\n<\/div>\n<div>\n<p>Trascorrere qualche ora sul nostro bellissimo lago \u00e8 un&#8217;opportunit\u00e0 impagabile. La nostra offerta \u00e8 dedicata ad una vasta gamma di persone: da coloro i quali vogliono semplicemente tenersi in forma e compiere meravigliose gite sull&#8217;acqua, agli sportivi che ambiscono alle competizioni nel contesto del gruppo master. I corsi che organizziamo regolarmente vi permetteranno di progredire sotto la supervisione d&#8217;allenatori esperti: dalle barche larghe (i cosiddetti gig), ai quattro stretti, ai doppi e persino agli impegnativissimi singoli. Vi aspettiamo!<\/p>\n<\/div>\n<div>\n<p>Per informazioni scrivete a:<br \/>\n<a href=\"mailto:juan.mato@hotmail.com\">@Juan<\/a> (allenatore responsabile del gruppo amatori e master)<br \/>\n<a href=\"mailto:laracola@yahoo.com\">@Anna<\/a> (responsabile amministrativa del gruppo amatori)<\/p>\n<p><img decoding=\"async\" src=\"http:\/\/www.sclocarno.ch\/wordpress\/wp-content\/uploads\/2025\/10\/Foto-amatori-1.jpeg\" alt=\"\" \/><\/p>\n<p>&nbsp;<\/p>\n<\/div>\n<span>","protected":false},"excerpt":{"rendered":"<p class=\"excerpt\"><span itemprop=\"description\">Il canottaggio \u00e8 uno sport per la vita! Supporrete che vi stiamo dicendo ci\u00f2 perch\u00e9, da super-appassionati, siamo un tantino di parte. Non vi resta allora che chiedere ai professionisti i quali si occupano della vostra salute; vi confermeranno che si tratta di una disciplina&hellip;<\/span><\/p>\n<p class=\"more-link-p btn-align-right\"><a class=\"blue zoom-btn\" href=\"https:\/\/sclocarno.ch\/wordpress\/av\/\">Read More<\/a><\/p>\n","protected":false},"author":1,"featured_media":0,"parent":0,"menu_order":0,"comment_status":"closed","ping_status":"closed","template":"","meta":{"footnotes":""},"class_list":["post-31","page","type-page","status-publish","hentry","zoom-theme-has-thumb"],"_links":{"self":[{"href":"https:\/\/sclocarno.ch\/wordpress\/wp-json\/wp\/v2\/pages\/31","targetHints":{"allow":["GET"]}}],"collection":[{"href":"https:\/\/sclocarno.ch\/wordpress\/wp-json\/wp\/v2\/pages"}],"about":[{"href":"https:\/\/sclocarno.ch\/wordpress\/wp-json\/wp\/v2\/types\/page"}],"author":[{"embeddable":true,"href":"https:\/\/sclocarno.ch\/wordpress\/wp-json\/wp\/v2\/users\/1"}],"replies":[{"embeddable":true,"href":"https:\/\/sclocarno.ch\/wordpress\/wp-json\/wp\/v2\/comments?post=31"}],"version-history":[{"count":27,"href":"https:\/\/sclocarno.ch\/wordpress\/wp-json\/wp\/v2\/pages\/31\/revisions"}],"predecessor-version":[{"id":4218,"href":"https:\/\/sclocarno.ch\/wordpress\/wp-json\/wp\/v2\/pages\/31\/revisions\/4218"}],"wp:attachment":[{"href":"https:\/\/sclocarno.ch\/wordpress\/wp-json\/wp\/v2\/media?parent=31"}],"curies":[{"name":"wp","href":"https:\/\/api.w.org\/{rel}","templated":true}]}}