{"id":3995,"date":"2025-09-17T13:15:27","date_gmt":"2025-09-17T12:15:27","guid":{"rendered":"https:\/\/www.sclocarno.ch\/wordpress\/?page_id=3995"},"modified":"2025-10-08T20:47:25","modified_gmt":"2025-10-08T19:47:25","slug":"i-venti-del-lago-maggiore-2","status":"publish","type":"page","link":"https:\/\/sclocarno.ch\/wordpress\/i-venti-del-lago-maggiore-2\/","title":{"rendered":"I venti sul Lago Maggiore"},"content":{"rendered":"<span itemprop=\"description\"><p>Una leggera brezza di spalle pu\u00f2 sostenere i canottieri nel loro delicato esercizio d&#8217;equilibrismo sull&#8217;acqua. Quando per\u00f2 i venti diventano impetuosi e sollevano infide onde \u00e8 bene conoscerne la natura e sapere dove ripararsi. Ecco un breve specchietto affinch\u00e9 le vostre uscite siano sempre sicure.<\/p>\n<p>E non dimenticate di consultare l&#8217;apposita pagina su <a href=\"https:\/\/www.meteosvizzera.admin.ch\/servizi-e-pubblicazioni\/applicazioni\/vento.html#tab=animation-wind-10m\">@Meteosvizzera<\/a><\/p>\n<p><img decoding=\"async\" src=\"http:\/\/www.sclocarno.ch\/wordpress\/wp-content\/uploads\/2025\/09\/I-venti-sul-Lago-Maggiore-2.png\" alt=\"\" \/><img loading=\"lazy\" decoding=\"async\" src=\"http:\/\/www.sclocarno.ch\/wordpress\/wp-content\/uploads\/2025\/09\/I-venti-sul-Lago-Maggiore.png\" alt=\"\" width=\"1016\" height=\"666\" \/><\/p>\n<span>","protected":false},"excerpt":{"rendered":"<p class=\"excerpt\"><span itemprop=\"description\">Una leggera brezza di spalle pu\u00f2 sostenere i canottieri nel loro delicato esercizio d&#8217;equilibrismo sull&#8217;acqua. Quando per\u00f2 i venti diventano impetuosi e sollevano infide onde \u00e8 bene conoscerne la natura e sapere dove ripararsi. Ecco un breve specchietto affinch\u00e9 le vostre uscite siano sempre sicure.&hellip;<\/span><\/p>\n<p class=\"more-link-p btn-align-right\"><a class=\"blue zoom-btn\" href=\"https:\/\/sclocarno.ch\/wordpress\/i-venti-del-lago-maggiore-2\/\">Read More<\/a><\/p>\n","protected":false},"author":1,"featured_media":0,"parent":0,"menu_order":0,"comment_status":"closed","ping_status":"closed","template":"","meta":{"footnotes":""},"class_list":["post-3995","page","type-page","status-publish","hentry","zoom-theme-has-thumb"],"_links":{"self":[{"href":"https:\/\/sclocarno.ch\/wordpress\/wp-json\/wp\/v2\/pages\/3995","targetHints":{"allow":["GET"]}}],"collection":[{"href":"https:\/\/sclocarno.ch\/wordpress\/wp-json\/wp\/v2\/pages"}],"about":[{"href":"https:\/\/sclocarno.ch\/wordpress\/wp-json\/wp\/v2\/types\/page"}],"author":[{"embeddable":true,"href":"https:\/\/sclocarno.ch\/wordpress\/wp-json\/wp\/v2\/users\/1"}],"replies":[{"embeddable":true,"href":"https:\/\/sclocarno.ch\/wordpress\/wp-json\/wp\/v2\/comments?post=3995"}],"version-history":[{"count":12,"href":"https:\/\/sclocarno.ch\/wordpress\/wp-json\/wp\/v2\/pages\/3995\/revisions"}],"predecessor-version":[{"id":4121,"href":"https:\/\/sclocarno.ch\/wordpress\/wp-json\/wp\/v2\/pages\/3995\/revisions\/4121"}],"wp:attachment":[{"href":"https:\/\/sclocarno.ch\/wordpress\/wp-json\/wp\/v2\/media?parent=3995"}],"curies":[{"name":"wp","href":"https:\/\/api.w.org\/{rel}","templated":true}]}}