{"id":603,"date":"2017-08-03T18:45:51","date_gmt":"2017-08-03T17:45:51","guid":{"rendered":"http:\/\/127.0.0.1\/wordpress\/?page_id=603"},"modified":"2023-11-23T10:25:52","modified_gmt":"2023-11-23T09:25:52","slug":"links-utili","status":"publish","type":"page","link":"https:\/\/sclocarno.ch\/wordpress\/societa\/links-utili\/","title":{"rendered":"Links utili"},"content":{"rendered":"<span itemprop=\"description\"><h6><span style=\"text-decoration: underline;\"><span style=\"font-size: 12pt;\"><strong>Federazione Svizzera delle Societ\u00e0 di Canottaggio svizzero (in tedesco)<\/strong><\/span><\/span><\/h6>\n<h6><a href=\"https:\/\/www.swissrowing.ch\" target=\"_blank\" rel=\"noopener\"><span style=\"font-size: 12pt;\">FSSC<\/span><\/a><\/h6>\n<h6><strong><span style=\"text-decoration: underline;\"><span style=\"font-size: 12pt;\">Federazione Ticinese delle Societ\u00e0 di Canottaggio<\/span><\/span><br \/>\n<\/strong><\/h6>\n<h6><a href=\"http:\/\/www.ftsc.ch\/index.html\" target=\"_blank\" rel=\"noopener\"><span style=\"font-size: 12pt;\">FTSC<\/span><\/a><\/h6>\n<h6><span style=\"text-decoration: underline;\"><span style=\"font-size: 12pt;\"><strong>The World Rowing Federation &#8211; Federazione Mondiale di Canottaggio<\/strong><\/span><\/span><\/h6>\n<h6><a href=\"http:\/\/www.worldrowing.com\/\" target=\"_blank\" rel=\"noopener\"><span style=\"font-size: 12pt;\">FISA<\/span><\/a><\/h6>\n<h6><span style=\"text-decoration: underline;\"><span style=\"font-size: 12pt;\"><strong>Societ\u00e0 canottieri Ceresio<\/strong><\/span><\/span><\/h6>\n<h6><a href=\"http:\/\/www.scceresio.ch\/\" target=\"_blank\" rel=\"noopener\"><span style=\"font-size: 12pt;\">SCceresio<\/span><\/a><\/h6>\n<h6><span style=\"text-decoration: underline;\"><span style=\"font-size: 12pt;\"><strong>Societ\u00e0 canottieri Lugano<\/strong><\/span><\/span><span style=\"text-decoration: underline; font-size: 12pt;\"><strong><br \/>\n<\/strong><\/span><\/h6>\n<h6><a href=\"http:\/\/www.canottierilugano.ch\/\" target=\"_blank\" rel=\"noopener\"><span style=\"font-size: 12pt;\">CCL<\/span><\/a><\/h6>\n<h6><span style=\"text-decoration: underline;\"><span style=\"font-size: 12pt;\"><strong>Societ\u00e0 canottieri Audax<\/strong><\/span><\/span><span style=\"text-decoration: underline; font-size: 12pt;\"><strong><br \/>\n<\/strong><\/span><\/h6>\n<h6><a href=\"http:\/\/www.canottieri-audax.ch\/\" target=\"_blank\" rel=\"noopener\"><span style=\"font-size: 12pt;\">Audax<\/span><\/a><\/h6>\n<h6><span style=\"text-decoration: underline;\"><span style=\"font-size: 12pt;\"><strong>Scuola di canottaggio Caslano e Mal<\/strong><\/span><span style=\"font-size: 12pt;\"><strong>cantone<\/strong><\/span><\/span><\/h6>\n<h6><a href=\"http:\/\/www.scuolacanottaggio.ch\/\" target=\"_blank\" rel=\"noopener\"><span style=\"font-size: 12pt;\">SCCaslano<\/span><\/a><\/h6>\n<h6><span style=\"text-decoration: underline;\"><span style=\"font-size: 12pt;\">Societ\u00e0 Svizzera di salvataggio sezione di Locarno<br \/>\n<\/span><\/span><\/h6>\n<h6><a href=\"https:\/\/www.salvataggiosublocarno.ch\" target=\"_blank\" rel=\"noopener\"><span style=\"font-size: 12pt;\">SSL<\/span><\/a><\/h6>\n<span>","protected":false},"excerpt":{"rendered":"<p class=\"excerpt\"><span itemprop=\"description\">Federazione Svizzera delle Societ\u00e0 di Canottaggio svizzero (in tedesco) FSSC Federazione Ticinese delle Societ\u00e0 di Canottaggio FTSC The World Rowing Federation &#8211; Federazione Mondiale di Canottaggio FISA Societ\u00e0 canottieri Ceresio SCceresio Societ\u00e0 canottieri Lugano CCL Societ\u00e0 canottieri Audax Audax Scuola di canottaggio Caslano e Malcantone&hellip;<\/span><\/p>\n<p class=\"more-link-p btn-align-right\"><a class=\"blue zoom-btn\" href=\"https:\/\/sclocarno.ch\/wordpress\/societa\/links-utili\/\">Read More<\/a><\/p>\n","protected":false},"author":1,"featured_media":0,"parent":25,"menu_order":0,"comment_status":"closed","ping_status":"closed","template":"","meta":{"footnotes":""},"class_list":["post-603","page","type-page","status-publish","hentry","zoom-theme-has-thumb"],"_links":{"self":[{"href":"https:\/\/sclocarno.ch\/wordpress\/wp-json\/wp\/v2\/pages\/603","targetHints":{"allow":["GET"]}}],"collection":[{"href":"https:\/\/sclocarno.ch\/wordpress\/wp-json\/wp\/v2\/pages"}],"about":[{"href":"https:\/\/sclocarno.ch\/wordpress\/wp-json\/wp\/v2\/types\/page"}],"author":[{"embeddable":true,"href":"https:\/\/sclocarno.ch\/wordpress\/wp-json\/wp\/v2\/users\/1"}],"replies":[{"embeddable":true,"href":"https:\/\/sclocarno.ch\/wordpress\/wp-json\/wp\/v2\/comments?post=603"}],"version-history":[{"count":8,"href":"https:\/\/sclocarno.ch\/wordpress\/wp-json\/wp\/v2\/pages\/603\/revisions"}],"predecessor-version":[{"id":3224,"href":"https:\/\/sclocarno.ch\/wordpress\/wp-json\/wp\/v2\/pages\/603\/revisions\/3224"}],"up":[{"embeddable":true,"href":"https:\/\/sclocarno.ch\/wordpress\/wp-json\/wp\/v2\/pages\/25"}],"wp:attachment":[{"href":"https:\/\/sclocarno.ch\/wordpress\/wp-json\/wp\/v2\/media?parent=603"}],"curies":[{"name":"wp","href":"https:\/\/api.w.org\/{rel}","templated":true}]}}